{"id":13,"date":"2025-05-23T00:27:26","date_gmt":"2025-05-23T00:27:26","guid":{"rendered":"https:\/\/sastreriamorales.cl\/?page_id=13"},"modified":"2025-07-09T18:54:02","modified_gmt":"2025-07-09T18:54:02","slug":"home","status":"publish","type":"page","link":"https:\/\/sastreriamorales.cl\/","title":{"rendered":"home"},"content":{"rendered":"\t\t<div data-elementor-type=\"wp-page\" data-elementor-id=\"13\" class=\"elementor elementor-13\" data-elementor-post-type=\"page\">\n\t\t\t\t<div class=\"elementor-element elementor-element-84d8446 e-flex e-con-boxed e-con e-parent\" data-id=\"84d8446\" data-element_type=\"container\">\n\t\t\t\t\t<div class=\"e-con-inner\">\n\t\t<div class=\"elementor-element elementor-element-4d66f8f e-con-full e-flex e-con e-child\" data-id=\"4d66f8f\" data-element_type=\"container\">\n\t\t\t\t<div class=\"elementor-element elementor-element-6c6eaf4 elementor-widget elementor-widget-image\" data-id=\"6c6eaf4\" data-element_type=\"widget\" data-widget_type=\"image.default\">\n\t\t\t\t<div class=\"elementor-widget-container\">\n\t\t\t\t\t\t\t\t\t\t\t\t\t\t\t<img fetchpriority=\"high\" decoding=\"async\" width=\"613\" height=\"264\" src=\"https:\/\/sastreriamorales.cl\/wp-content\/uploads\/2025\/05\/img_logo_completo.png\" class=\"attachment-large size-large wp-image-14\" alt=\"\" srcset=\"https:\/\/sastreriamorales.cl\/wp-content\/uploads\/2025\/05\/img_logo_completo.png 613w, https:\/\/sastreriamorales.cl\/wp-content\/uploads\/2025\/05\/img_logo_completo-300x129.png 300w\" sizes=\"(max-width: 613px) 100vw, 613px\" \/>\t\t\t\t\t\t\t\t\t\t\t\t\t\t\t<\/div>\n\t\t\t\t<\/div>\n\t\t\t\t<div class=\"elementor-element elementor-element-b18d13e elementor-widget elementor-widget-text-editor\" data-id=\"b18d13e\" data-element_type=\"widget\" data-widget_type=\"text-editor.default\">\n\t\t\t\t<div class=\"elementor-widget-container\">\n\t\t\t\t\t\t\t\t\t<div>Sastrer\u00eda fina de medida<\/div><div>Hechuras y composturas<\/div><div><div>Venta de casimires<\/div><\/div>\t\t\t\t\t\t\t\t<\/div>\n\t\t\t\t<\/div>\n\t\t<div class=\"elementor-element elementor-element-0d15e91 e-con-full e-flex e-con e-child\" data-id=\"0d15e91\" data-element_type=\"container\">\n\t\t\t\t<div class=\"elementor-element elementor-element-3d5c472 elementor-align-center elementor-widget elementor-widget-button\" data-id=\"3d5c472\" data-element_type=\"widget\" data-widget_type=\"button.default\">\n\t\t\t\t<div class=\"elementor-widget-container\">\n\t\t\t\t\t\t\t\t\t<div class=\"elementor-button-wrapper\">\n\t\t\t\t\t<a class=\"elementor-button elementor-button-link elementor-size-sm\" href=\"https:\/\/sastreriamorales.cl\/index.php\/sastre\/\">\n\t\t\t\t\t\t<span class=\"elementor-button-content-wrapper\">\n\t\t\t\t\t\t\t\t\t<span class=\"elementor-button-text\">Manuel Morales<\/span>\n\t\t\t\t\t<\/span>\n\t\t\t\t\t<\/a>\n\t\t\t\t<\/div>\n\t\t\t\t\t\t\t\t<\/div>\n\t\t\t\t<\/div>\n\t\t\t\t<div class=\"elementor-element elementor-element-9434a01 elementor-align-center elementor-widget elementor-widget-button\" data-id=\"9434a01\" data-element_type=\"widget\" data-widget_type=\"button.default\">\n\t\t\t\t<div class=\"elementor-widget-container\">\n\t\t\t\t\t\t\t\t\t<div class=\"elementor-button-wrapper\">\n\t\t\t\t\t<a class=\"elementor-button elementor-button-link elementor-size-sm\" href=\"https:\/\/sastreriamorales.cl\/index.php\/galeria\/\">\n\t\t\t\t\t\t<span class=\"elementor-button-content-wrapper\">\n\t\t\t\t\t\t\t\t\t<span class=\"elementor-button-text\">Galer\u00eda<\/span>\n\t\t\t\t\t<\/span>\n\t\t\t\t\t<\/a>\n\t\t\t\t<\/div>\n\t\t\t\t\t\t\t\t<\/div>\n\t\t\t\t<\/div>\n\t\t\t\t<div class=\"elementor-element elementor-element-ea4fdef elementor-align-center elementor-widget elementor-widget-button\" data-id=\"ea4fdef\" data-element_type=\"widget\" data-widget_type=\"button.default\">\n\t\t\t\t<div class=\"elementor-widget-container\">\n\t\t\t\t\t\t\t\t\t<div class=\"elementor-button-wrapper\">\n\t\t\t\t\t<a class=\"elementor-button elementor-button-link elementor-size-sm\" href=\"https:\/\/sastreriamorales.cl\/index.php\/contacto\/\">\n\t\t\t\t\t\t<span class=\"elementor-button-content-wrapper\">\n\t\t\t\t\t\t\t\t\t<span class=\"elementor-button-text\">Contacto<\/span>\n\t\t\t\t\t<\/span>\n\t\t\t\t\t<\/a>\n\t\t\t\t<\/div>\n\t\t\t\t\t\t\t\t<\/div>\n\t\t\t\t<\/div>\n\t\t\t\t<div class=\"elementor-element elementor-element-2776bfe elementor-widget elementor-widget-spacer\" data-id=\"2776bfe\" data-element_type=\"widget\" data-widget_type=\"spacer.default\">\n\t\t\t\t<div class=\"elementor-widget-container\">\n\t\t\t\t\t\t\t<div class=\"elementor-spacer\">\n\t\t\t<div class=\"elementor-spacer-inner\"><\/div>\n\t\t<\/div>\n\t\t\t\t\t\t<\/div>\n\t\t\t\t<\/div>\n\t\t\t\t<\/div>\n\t\t\t\t<div class=\"elementor-element elementor-element-f809e74 elementor-widget elementor-widget-spacer\" data-id=\"f809e74\" data-element_type=\"widget\" data-widget_type=\"spacer.default\">\n\t\t\t\t<div class=\"elementor-widget-container\">\n\t\t\t\t\t\t\t<div class=\"elementor-spacer\">\n\t\t\t<div class=\"elementor-spacer-inner\"><\/div>\n\t\t<\/div>\n\t\t\t\t\t\t<\/div>\n\t\t\t\t<\/div>\n\t\t\t\t<\/div>\n\t\t<div class=\"elementor-element elementor-element-176be9b e-con-full e-flex e-con e-child\" data-id=\"176be9b\" data-element_type=\"container\">\n\t\t<div class=\"elementor-element elementor-element-90ede99 e-con-full e-flex e-con e-child\" data-id=\"90ede99\" data-element_type=\"container\">\n\t\t\t\t<div class=\"elementor-element elementor-element-5ce857c elementor-widget elementor-widget-image\" data-id=\"5ce857c\" data-element_type=\"widget\" data-widget_type=\"image.default\">\n\t\t\t\t<div class=\"elementor-widget-container\">\n\t\t\t\t\t\t\t\t\t\t\t\t\t\t\t<img decoding=\"async\" width=\"540\" height=\"720\" src=\"https:\/\/sastreriamorales.cl\/wp-content\/uploads\/2025\/05\/image-9.jpg\" class=\"attachment-large size-large wp-image-130\" alt=\"\" srcset=\"https:\/\/sastreriamorales.cl\/wp-content\/uploads\/2025\/05\/image-9.jpg 540w, https:\/\/sastreriamorales.cl\/wp-content\/uploads\/2025\/05\/image-9-225x300.jpg 225w\" sizes=\"(max-width: 540px) 100vw, 540px\" \/>\t\t\t\t\t\t\t\t\t\t\t\t\t\t\t<\/div>\n\t\t\t\t<\/div>\n\t\t\t\t<\/div>\n\t\t\t\t<div class=\"elementor-element elementor-element-d19083e elementor-widget elementor-widget-spacer\" data-id=\"d19083e\" data-element_type=\"widget\" data-widget_type=\"spacer.default\">\n\t\t\t\t<div class=\"elementor-widget-container\">\n\t\t\t\t\t\t\t<div class=\"elementor-spacer\">\n\t\t\t<div class=\"elementor-spacer-inner\"><\/div>\n\t\t<\/div>\n\t\t\t\t\t\t<\/div>\n\t\t\t\t<\/div>\n\t\t\t\t<\/div>\n\t\t\t\t\t<\/div>\n\t\t\t\t<\/div>\n\t\t<div class=\"elementor-element elementor-element-64629545 e-con-full e-flex e-con e-parent\" data-id=\"64629545\" data-element_type=\"container\" data-settings=\"{&quot;background_background&quot;:&quot;classic&quot;}\">\n\t\t<div class=\"elementor-element elementor-element-60c6468c e-flex e-con-boxed e-con e-child\" data-id=\"60c6468c\" data-element_type=\"container\">\n\t\t\t\t\t<div class=\"e-con-inner\">\n\t\t\t\t<div class=\"elementor-element elementor-element-2584f6d6 elementor-widget elementor-widget-text-editor\" data-id=\"2584f6d6\" data-element_type=\"widget\" data-widget_type=\"text-editor.default\">\n\t\t\t\t<div class=\"elementor-widget-container\">\n\t\t\t\t\t\t\t\t\tSantiago de Chile &#8211; Tel\u00e9fono:\u00a0\u00a0<a href=\"tel:+56995786118\"> +56 9 95786118<\/a> &#8211; Email:\u00a0\u00a0sastreriamorales@gmail.com\t\t\t\t\t\t\t\t<\/div>\n\t\t\t\t<\/div>\n\t\t\t\t\t<\/div>\n\t\t\t\t<\/div>\n\t\t\t\t<\/div>\n\t\t\t\t<\/div>\n\t\t","protected":false},"excerpt":{"rendered":"<p>Sastrer\u00eda fina de medidaHechuras y composturasVenta de casimires Manuel Morales Galer\u00eda Contacto Santiago de Chile &#8211; Tel\u00e9fono:\u00a0\u00a0 +56 9 95786118 &#8211; Email:\u00a0\u00a0sastreriamorales@gmail.com<\/p>\n","protected":false},"author":1,"featured_media":0,"parent":0,"menu_order":0,"comment_status":"closed","ping_status":"closed","template":"elementor_header_footer","meta":{"footnotes":""},"class_list":["post-13","page","type-page","status-publish","hentry"],"_links":{"self":[{"href":"https:\/\/sastreriamorales.cl\/index.php\/wp-json\/wp\/v2\/pages\/13","targetHints":{"allow":["GET"]}}],"collection":[{"href":"https:\/\/sastreriamorales.cl\/index.php\/wp-json\/wp\/v2\/pages"}],"about":[{"href":"https:\/\/sastreriamorales.cl\/index.php\/wp-json\/wp\/v2\/types\/page"}],"author":[{"embeddable":true,"href":"https:\/\/sastreriamorales.cl\/index.php\/wp-json\/wp\/v2\/users\/1"}],"replies":[{"embeddable":true,"href":"https:\/\/sastreriamorales.cl\/index.php\/wp-json\/wp\/v2\/comments?post=13"}],"version-history":[{"count":127,"href":"https:\/\/sastreriamorales.cl\/index.php\/wp-json\/wp\/v2\/pages\/13\/revisions"}],"predecessor-version":[{"id":380,"href":"https:\/\/sastreriamorales.cl\/index.php\/wp-json\/wp\/v2\/pages\/13\/revisions\/380"}],"wp:attachment":[{"href":"https:\/\/sastreriamorales.cl\/index.php\/wp-json\/wp\/v2\/media?parent=13"}],"curies":[{"name":"wp","href":"https:\/\/api.w.org\/{rel}","templated":true}]}}